{"id":1182,"date":"2016-09-05T18:36:04","date_gmt":"2016-09-05T16:36:04","guid":{"rendered":"http:\/\/demos.famethemes.com\/screenr\/?page_id=5"},"modified":"2019-05-02T10:54:04","modified_gmt":"2019-05-02T08:54:04","slug":"bienvenido","status":"publish","type":"page","link":"https:\/\/www.engi3d.es\/","title":{"rendered":"Bienvenido"},"content":{"rendered":"\n<p> Engi-3D Estudi en Enginyeria i 3D nace de la necesidad de fusionar el sector de la Consultor\u00eda T\u00e9cnica en Ingenier\u00eda y, el dise\u00f1o y la impresi\u00f3n 3D. <\/p>\n\n\n\n<p> Con nuestros Ingenieros T\u00e9cnicos podemos ofrecer la elaboraci\u00f3n de cualquier tipo de Proyecto (Actividades, Instalaciones, Naves Industriales&#8230;).  Adem\u00e1s, llevar a cabo la propia Direcci\u00f3n de Obra de dichos proyectos. Tambi\u00e9n, disponen de las capacidades necesarias para la realizaci\u00f3n de estudios y certificados energ\u00e9ticos, legalizaci\u00f3n de instalaciones, y redacci\u00f3n de Manueales de Autoprotecci\u00f3n y Emergencia. <\/p>\n\n\n\n<p> Con todo el campo de la Ingenier\u00eda abarcado, Engi-3D puede proporcionar a sus clientes un plus. Sus Ingenieros est\u00e1n formados en las tecnolog\u00edas del sector en 3 dimensiones: Impresiones, dise\u00f1os y asesoramiento 3D.  <\/p>\n\n\n\n<p> \u00bfVerdad que ser\u00eda ideal disponer de una maqueta de su proyecto, pudiendo ver como quedar\u00eda en realidad antes de su construcci\u00f3n? \u00a1Nosotros podemos hacerlo! <\/p>\n\n\n\n<p>\n\nEsperamos que disfruten de nuestro espacio web y no duden en contactar con nosotros.\n\n<\/p>\n","protected":false},"excerpt":{"rendered":"<p>Engi-3D Estudi en Enginyeria i 3D nace de la necesidad de fusionar el sector de la Consultor\u00eda T\u00e9cnica en Ingenier\u00eda y, el dise\u00f1o y la impresi\u00f3n 3D. Con nuestros Ingenieros T\u00e9cnicos podemos ofrecer la elaboraci\u00f3n de cualquier tipo de Proyecto (Actividades, Instalaciones, Naves Industriales&#8230;). Adem\u00e1s, llevar a cabo la propia&#8230;<\/p>\n","protected":false},"author":2,"featured_media":0,"parent":0,"menu_order":0,"comment_status":"closed","ping_status":"closed","template":"template-frontpage.php","meta":{"_exactmetrics_skip_tracking":false,"_exactmetrics_sitenote_active":false,"_exactmetrics_sitenote_note":"","_exactmetrics_sitenote_category":0,"jetpack_post_was_ever_published":false,"footnotes":""},"class_list":["post-1182","page","type-page","status-publish","hentry"],"jetpack_sharing_enabled":true,"jetpack_shortlink":"https:\/\/wp.me\/PaDDTR-j4","_links":{"self":[{"href":"https:\/\/www.engi3d.es\/index.php?rest_route=\/wp\/v2\/pages\/1182","targetHints":{"allow":["GET"]}}],"collection":[{"href":"https:\/\/www.engi3d.es\/index.php?rest_route=\/wp\/v2\/pages"}],"about":[{"href":"https:\/\/www.engi3d.es\/index.php?rest_route=\/wp\/v2\/types\/page"}],"author":[{"embeddable":true,"href":"https:\/\/www.engi3d.es\/index.php?rest_route=\/wp\/v2\/users\/2"}],"replies":[{"embeddable":true,"href":"https:\/\/www.engi3d.es\/index.php?rest_route=%2Fwp%2Fv2%2Fcomments&post=1182"}],"version-history":[{"count":2,"href":"https:\/\/www.engi3d.es\/index.php?rest_route=\/wp\/v2\/pages\/1182\/revisions"}],"predecessor-version":[{"id":1236,"href":"https:\/\/www.engi3d.es\/index.php?rest_route=\/wp\/v2\/pages\/1182\/revisions\/1236"}],"wp:attachment":[{"href":"https:\/\/www.engi3d.es\/index.php?rest_route=%2Fwp%2Fv2%2Fmedia&parent=1182"}],"curies":[{"name":"wp","href":"https:\/\/api.w.org\/{rel}","templated":true}]}}