{"id":1204,"date":"2016-09-05T20:07:42","date_gmt":"2016-09-05T20:07:42","guid":{"rendered":"http:\/\/demos.famethemes.com\/screenr\/?page_id=16"},"modified":"2025-06-05T16:41:07","modified_gmt":"2025-06-05T14:41:07","slug":"responsive-web-design","status":"publish","type":"page","link":"https:\/\/www.engi3d.es\/?page_id=1204","title":{"rendered":"Licencias de Actividades"},"content":{"rendered":"<p>Redacci\u00f3n y elaboraci\u00f3n de Proyectos de Actividades espec\u00edficos para la apertura y legalizaci\u00f3n de establecimientos.<\/p>\n\n\n<p><\/p>\n","protected":false},"excerpt":{"rendered":"<p>Redacci\u00f3n y elaboraci\u00f3n de Proyectos de Actividades espec\u00edficos para la apertura de establecimientos<\/p>\n","protected":false},"author":2,"featured_media":0,"parent":0,"menu_order":0,"comment_status":"closed","ping_status":"closed","template":"","meta":{"_exactmetrics_skip_tracking":false,"_exactmetrics_sitenote_active":false,"_exactmetrics_sitenote_note":"","_exactmetrics_sitenote_category":0,"jetpack_post_was_ever_published":false,"footnotes":""},"class_list":["post-1204","page","type-page","status-publish","hentry"],"jetpack_sharing_enabled":true,"jetpack_shortlink":"https:\/\/wp.me\/PaDDTR-jq","_links":{"self":[{"href":"https:\/\/www.engi3d.es\/index.php?rest_route=\/wp\/v2\/pages\/1204","targetHints":{"allow":["GET"]}}],"collection":[{"href":"https:\/\/www.engi3d.es\/index.php?rest_route=\/wp\/v2\/pages"}],"about":[{"href":"https:\/\/www.engi3d.es\/index.php?rest_route=\/wp\/v2\/types\/page"}],"author":[{"embeddable":true,"href":"https:\/\/www.engi3d.es\/index.php?rest_route=\/wp\/v2\/users\/2"}],"replies":[{"embeddable":true,"href":"https:\/\/www.engi3d.es\/index.php?rest_route=%2Fwp%2Fv2%2Fcomments&post=1204"}],"version-history":[{"count":5,"href":"https:\/\/www.engi3d.es\/index.php?rest_route=\/wp\/v2\/pages\/1204\/revisions"}],"predecessor-version":[{"id":1260,"href":"https:\/\/www.engi3d.es\/index.php?rest_route=\/wp\/v2\/pages\/1204\/revisions\/1260"}],"wp:attachment":[{"href":"https:\/\/www.engi3d.es\/index.php?rest_route=%2Fwp%2Fv2%2Fmedia&parent=1204"}],"curies":[{"name":"wp","href":"https:\/\/api.w.org\/{rel}","templated":true}]}}